{"id":243938,"date":"2022-01-12T12:18:32","date_gmt":"2022-01-12T12:18:32","guid":{"rendered":"https:\/\/beltcon.de\/unser-angebot\/"},"modified":"2026-04-29T08:28:41","modified_gmt":"2026-04-29T08:28:41","slug":"unser-angebot","status":"publish","type":"page","link":"https:\/\/beltcon.de\/de\/unser-angebot\/","title":{"rendered":"Unser Angebot"},"content":{"rendered":"\n<div class=\"et_pb_section_0 et_pb_section et_section_regular et_block_section\"><div class=\"et_pb_row_0 et_pb_row et_pb_equal_columns et_pb_gutters1 et_block_row\"><div class=\"et_pb_column_0 et_pb_column et_pb_column_1_2 et_block_column et_pb_css_mix_blend_mode_passthrough\"><div class=\"et_pb_text_0 et_pb_text et_pb_bg_layout_light et_pb_module et_block_module\"><div class=\"et_pb_text_inner\"><h1>Unser <span style=\"color: #ffffff;\">Angebot<\/span><\/h1>\n<h2>Beltcon<\/h2>\n<\/div><\/div><div class=\"et_pb_icon_0 et_pb_icon et_pb_module et_block_module\"><span class=\"et_pb_icon_wrap\"><span class=\"et-pb-icon\">3<\/span><\/span><\/div><\/div><div class=\"et_pb_column_1 et_pb_column et_pb_column_1_2 et-last-child et_block_column et_pb_css_mix_blend_mode_passthrough\"><div class=\"et_pb_image_0 et_pb_image et_pb_module et_block_module\"><span class=\"et_pb_image_wrap\"><img loading=\"lazy\" decoding=\"async\" src=\"https:\/\/beltcon.de\/wp-content\/uploads\/2022\/01\/Bildmarke1_30.png\" width=\"456\" height=\"984\" srcset=\"https:\/\/beltcon.de\/wp-content\/uploads\/2022\/01\/Bildmarke1_30.png 456w, https:\/\/beltcon.de\/wp-content\/uploads\/2022\/01\/Bildmarke1_30-139x300.png 139w\" sizes=\"(max-width: 456px) 100vw, 456px\" class=\"wp-image-243136\" title=\"Bildmarke1_30\" \/><\/span><\/div><\/div><\/div><\/div><div class=\"et_pb_section_1 et_pb_section et_section_regular et_block_section\" id=\"rangeslide\"><div class=\"et_pb_row_1 et_pb_row et_pb_equal_columns et_pb_gutters1 et_block_row\" id=\"carousel\"><div class=\"et_pb_column_2 et_pb_column et_pb_column_1_2 et_block_column et_pb_css_mix_blend_mode_passthrough\"><div class=\"et_pb_text_1 et_pb_text et_pb_bg_layout_light et_pb_module et_block_module\"><div class=\"et_pb_text_inner\"><h1><span style=\"color: #717275;\">Gep\u00e4ckkarussell<\/span><\/h1>\n<h2>angepasst an Ihre Gr\u00f6\u00dfe<br \/>&amp; Anforderungen an die Form<\/h2>\n<\/div><\/div><div class=\"et_pb_image_1 et_pb_image et_pb_module et_block_module\"><span class=\"et_pb_image_wrap\"><img loading=\"lazy\" decoding=\"async\" src=\"https:\/\/beltcon.de\/wp-content\/uploads\/2022\/01\/Beltcon-8962.png\" width=\"1200\" height=\"473\" srcset=\"https:\/\/beltcon.de\/wp-content\/uploads\/2022\/01\/Beltcon-8962.png 1200w, https:\/\/beltcon.de\/wp-content\/uploads\/2022\/01\/Beltcon-8962-980x386.png 980w, https:\/\/beltcon.de\/wp-content\/uploads\/2022\/01\/Beltcon-8962-480x189.png 480w\" sizes=\"(min-width: 0px) and (max-width: 480px) 480px, (min-width: 481px) and (max-width: 980px) 980px, (min-width: 981px) 1200px, 100vw\" class=\"wp-image-243092\" title=\"Beltcon-8962\" \/><\/span><\/div><div class=\"et_pb_module et_pb_button_module_wrapper et_pb_button_0_wrapper\"><a class=\"et_pb_button_0 et_pb_button et_pb_bg_layout_light et_pb_module et_block_module\" href=\"\">Produkte durchsuchen<\/a><\/div><\/div><div class=\"et_pb_column_3 et_pb_column et_pb_column_1_2 et-last-child et_block_column et_pb_css_mix_blend_mode_passthrough\"><div class=\"et_pb_text_2 et_pb_text et_pb_bg_layout_light et_pb_module et_block_module\"><div class=\"et_pb_text_inner\"><h5>In der Gep\u00e4ckausgabe werden die Gep\u00e4ckb\u00e4nder genutzt, um das aufgegebene Gep\u00e4ck an die ankommenden Passagiere zu \u00fcbergeben.<\/h5>\n<\/div><\/div><div class=\"et_pb_text_3 et_pb_text et_pb_bg_layout_light et_pb_module et_block_module\"><div class=\"et_pb_text_inner\"><p><span>Mit ihrem einfachen Design und den hochwertigen Materialien sind BELTCON Ausgaberundl\u00e4ufe \u00e4u\u00dferst zuverl\u00e4ssig, langlebig, konfigurierbar, erfordern nur minimale kosteneffiziente Wartung und k\u00f6nnen an jedes Flughafenprojekt angepasst werden.<\/span><\/p>\n<\/div><\/div><div class=\"et_pb_text_4 et_pb_text et_pb_bg_layout_light et_pb_module et_block_module\"><div class=\"et_pb_text_inner\"><p>&nbsp;<\/p>\n<h5><span style=\"color: #21b7c8;\">Unser Modell hat folgende Merkmale:<\/span><\/h5>\n<ul>\n<li>Einfache Installation<\/li>\n<li>Minimale Wartung<\/li>\n<li>Modularer Aufbau<\/li>\n<li>Ausf\u00fchrung in Baustahl oder Edelstahl<\/li>\n<li>Ger\u00e4uscharm<\/li>\n<li>Variable Geschwindigkeit (optional)<\/li>\n<li>Designs und Abmessungen k\u00f6nnen angepasst werden - z.B. U-, O-, L-, T-Formen<\/li>\n<\/ul>\n<\/div><\/div><\/div><\/div><div class=\"et_pb_row_2 et_pb_row et_pb_equal_columns et_pb_gutters1 et_block_row\" id=\"conveyor\"><div class=\"et_pb_column_4 et_pb_column et_pb_column_1_2 et_block_column et_pb_css_mix_blend_mode_passthrough\"><div class=\"et_pb_text_5 et_pb_text et_pb_bg_layout_light et_pb_module et_block_module\"><div class=\"et_pb_text_inner\"><h1><span style=\"color: #717275;\"><span style=\"color: #21b7c8;\">Gerader<\/span><br \/>F\u00f6rdersysteme<\/span><\/h1>\n<\/div><\/div><div class=\"et_pb_image_2 et_pb_image et_pb_module et_block_module\"><span class=\"et_pb_image_wrap\"><img loading=\"lazy\" decoding=\"async\" src=\"https:\/\/beltcon.de\/wp-content\/uploads\/2022\/01\/straight-conveyor-v1.1-tif-Bearbeitet-1.png\" width=\"835\" height=\"563\" srcset=\"https:\/\/beltcon.de\/wp-content\/uploads\/2022\/01\/straight-conveyor-v1.1-tif-Bearbeitet-1.png 835w, https:\/\/beltcon.de\/wp-content\/uploads\/2022\/01\/straight-conveyor-v1.1-tif-Bearbeitet-1-480x324.png 480w\" sizes=\"(min-width: 0px) and (max-width: 480px) 480px, (min-width: 481px) 835px, 100vw\" class=\"wp-image-243407\" title=\"Gerade-F\u00f6rderer-v1.1-tif-Bearbeitet\" \/><\/span><\/div><div class=\"et_pb_module et_pb_button_module_wrapper et_pb_button_1_wrapper\"><a class=\"et_pb_button_1 et_pb_button et_pb_bg_layout_light et_pb_module et_block_module\" href=\"\">Produkte durchsuchen<\/a><\/div><\/div><div class=\"et_pb_column_5 et_pb_column et_pb_column_1_2 et-last-child et_block_column et_pb_css_mix_blend_mode_passthrough et_pb_section_parallax\"><span class=\"et-pb-parallax-wrapper\"><span class=\"et-pb-parallax-background et-pb-parallax-background-module--divi-column-5\" style=\"background-image:url(https:\/\/beltcon.de\/wp-content\/uploads\/2022\/01\/Bildmarke1_30.png)\"><\/span><\/span><div class=\"et_pb_text_6 et_pb_text et_pb_bg_layout_light et_pb_module et_block_module\"><div class=\"et_pb_text_inner\"><p>Gerade Gurtf\u00f6rderer werden verwendet, um Gep\u00e4ck oder Material von einem Ort zum anderen zu transportieren. BELTCON bietet standardisierte und kundenspezifische L\u00f6sungen f\u00fcr geradlinige F\u00f6rderer, um die Anforderungen der verschiedenen Industrien an die Materialf\u00f6rderung zu erf\u00fcllen.<\/p>\n<p>&nbsp;<\/p>\n<h5>Unsere Merkmale:<\/h5>\n<ul>\n<li>Bef\u00f6rderung in zwei Richtungen<\/li>\n<li>Ma\u00dfgeschneiderte Konfigurationen f\u00fcr H\u00f6he und Breite<\/li>\n<li>Optionen f\u00fcr variable Geschwindigkeiten<\/li>\n<li>Modularer Aufbau<\/li>\n<li>Seitliche Schutzvorrichtungen (optional)<\/li>\n<li>Einfache Wartung<\/li>\n<\/ul>\n<\/div><\/div><\/div><\/div><div class=\"et_pb_row_3 et_pb_row et_pb_equal_columns et_pb_gutters1 et_block_row\" id=\"armdiverter\"><div class=\"et_pb_column_6 et_pb_column et_pb_column_1_2 et_block_column et_pb_css_mix_blend_mode_passthrough\"><div class=\"et_pb_text_7 et_pb_text et_pb_bg_layout_light et_pb_module et_block_module\"><div class=\"et_pb_text_inner\"><h1><span><span style=\"color: #717275;\">Horizontale-<\/span>Bandverteiler<\/span><\/h1>\n<\/div><\/div><div class=\"et_pb_image_3 et_pb_image et_pb_module et_block_module\"><span class=\"et_pb_image_wrap\"><img loading=\"lazy\" decoding=\"async\" src=\"https:\/\/beltcon.de\/wp-content\/uploads\/2023\/10\/arm-diverter.45.png\" width=\"1200\" height=\"681\" srcset=\"https:\/\/beltcon.de\/wp-content\/uploads\/2023\/10\/arm-diverter.45.png 1200w, https:\/\/beltcon.de\/wp-content\/uploads\/2023\/10\/arm-diverter.45-980x556.png 980w, https:\/\/beltcon.de\/wp-content\/uploads\/2023\/10\/arm-diverter.45-480x272.png 480w\" sizes=\"(min-width: 0px) and (max-width: 480px) 480px, (min-width: 481px) and (max-width: 980px) 980px, (min-width: 981px) 1200px, 100vw\" class=\"wp-image-244085\" title=\"Horizontal-Bandverteiler.45\" \/><\/span><\/div><div class=\"et_pb_module et_pb_button_module_wrapper et_pb_button_2_wrapper\"><a class=\"et_pb_button_2 et_pb_button et_pb_bg_layout_light et_pb_module et_block_module\" href=\"\">Produkte durchsuchen<\/a><\/div><\/div><div class=\"et_pb_column_7 et_pb_column et_pb_column_1_2 et-last-child et_block_column et_pb_css_mix_blend_mode_passthrough\"><div class=\"et_pb_text_8 et_pb_text et_pb_bg_layout_light et_pb_module et_block_module\"><div class=\"et_pb_text_inner\"><h5>In F\u00f6rdersystemen werden oft abzweigende Strecken integriert.<\/h5>\n<\/div><\/div><div class=\"et_pb_text_9 et_pb_text et_pb_bg_layout_light et_pb_module et_block_module\"><div class=\"et_pb_text_inner\"><p><span>Horizontalabweiser leiten die Produkte durch einen ausfahrenden Arm mit vertikalem Gurtf\u00f6rderer sanft, sicher und schnell in die Nebenstrecken.<\/span><\/p>\n<p><span>BELTCON Horizontal-Bandverteiler sind nach Stand der Technik konstruiert und gebaut, um zuverl\u00e4ssig und energiesparend zu funktionieren.<\/span><\/p>\n<p><span> <\/span><\/p>\n<\/div><\/div><div class=\"et_pb_text_10 et_pb_text et_pb_bg_layout_light et_pb_module et_block_module\"><div class=\"et_pb_text_inner\"><p>&nbsp;<\/p>\n<h5><span style=\"color: #21b7c8;\">Unser Modell hat folgende Merkmale:<\/span><\/h5>\n<ul>\n<li>Schnelles Ausfahren des Abweisers \u2013 hoher Durchsatz<\/li>\n<li>Einfach integrierbar in bestehende F\u00f6rdersysteme<\/li>\n<li>Hochwertige Komponenten wie B\u00e4nder, Motoren und Sensoren<\/li>\n<li>Robuste Bauweise \u2013 zuverl\u00e4ssiger Betrieb bei hohen Anforderungen<\/li>\n<\/ul>\n<\/div><\/div><\/div><\/div><div class=\"et_pb_row_4 et_pb_row et_pb_equal_columns et_pb_gutters1 et_block_row\" id=\"check-in\"><div class=\"et_pb_column_8 et_pb_column et_pb_column_1_2 et_block_column et_pb_css_mix_blend_mode_passthrough\"><div class=\"et_pb_text_11 et_pb_text et_pb_bg_layout_light et_pb_module et_block_module\"><div class=\"et_pb_text_inner\"><h1><span style=\"color: #21b7c8;\">Check-in-<\/span><span style=\"color: #717275;\">Systeme<\/span><\/h1>\n<h2><span style=\"color: #717275;\">zuverl\u00e4ssig leiser Betrieb &amp; einfache Wartung<\/span><\/h2>\n<\/div><\/div><div class=\"et_pb_image_4 et_pb_image et_pb_module et_block_module\"><span class=\"et_pb_image_wrap\"><img loading=\"lazy\" decoding=\"async\" src=\"https:\/\/beltcon.de\/wp-content\/uploads\/2022\/01\/Beltcon_render-1-3.png\" width=\"1000\" height=\"563\" srcset=\"https:\/\/beltcon.de\/wp-content\/uploads\/2022\/01\/Beltcon_render-1-3.png 1000w, https:\/\/beltcon.de\/wp-content\/uploads\/2022\/01\/Beltcon_render-1-3-980x552.png 980w, https:\/\/beltcon.de\/wp-content\/uploads\/2022\/01\/Beltcon_render-1-3-480x270.png 480w\" sizes=\"(min-width: 0px) and (max-width: 480px) 480px, (min-width: 481px) and (max-width: 980px) 980px, (min-width: 981px) 1000px, 100vw\" class=\"wp-image-243090\" title=\"Beltcon_render-1-3\" \/><\/span><\/div><div class=\"et_pb_image_5 et_pb_image et_pb_module et_block_module\"><span class=\"et_pb_image_wrap\"><img loading=\"lazy\" decoding=\"async\" src=\"https:\/\/beltcon.de\/wp-content\/uploads\/2022\/01\/Beltcon_render-1.png\" width=\"1000\" height=\"563\" srcset=\"https:\/\/beltcon.de\/wp-content\/uploads\/2022\/01\/Beltcon_render-1.png 1000w, https:\/\/beltcon.de\/wp-content\/uploads\/2022\/01\/Beltcon_render-1-980x552.png 980w, https:\/\/beltcon.de\/wp-content\/uploads\/2022\/01\/Beltcon_render-1-480x270.png 480w\" sizes=\"(min-width: 0px) and (max-width: 480px) 480px, (min-width: 481px) and (max-width: 980px) 980px, (min-width: 981px) 1000px, 100vw\" class=\"wp-image-243091\" title=\"Beltcon_render-1\" \/><\/span><\/div><div class=\"et_pb_module et_pb_button_module_wrapper et_pb_button_3_wrapper\"><a class=\"et_pb_button_3 et_pb_button et_pb_bg_layout_light et_pb_module et_block_module\" href=\"\">Produkte durchsuchen<\/a><\/div><\/div><div class=\"et_pb_column_9 et_pb_column et_pb_column_1_2 et-last-child et_block_column et_pb_css_mix_blend_mode_passthrough\"><div class=\"et_pb_text_12 et_pb_text et_pb_bg_layout_light et_pb_module et_block_module\"><div class=\"et_pb_text_inner\"><h5>Wiege- &amp; Verteilerb\u00e4nder<\/h5>\n<p>BELTCON ist stark auf die Anforderungen von Flugh\u00e4fen ausgerichtet und bietet ma\u00dfgeschneiderte, effiziente und standardisierte Check-in-F\u00f6rderl\u00f6sungen zur Optimierung des Passagierflusses. Unsere L\u00f6sung besteht aus einem langlebigen und qualitativ hochwertigen Wiege- und Abfertigungsband aus rostfreiem Stahl, das den Anforderungen moderner Flugh\u00e4fen entspricht.<\/p>\n<\/div><\/div><div class=\"et_pb_text_13 et_pb_text et_pb_bg_layout_light et_pb_module et_block_module\"><div class=\"et_pb_text_inner\"><h5>Unser F\u00f6rderer hat folgende Eigenschaften:<\/h5>\n<ul>\n<li>Einzelne oder doppelte Einheit des Abfertigungsbandes<\/li>\n<li>Minimale Wartung und einfacher Austausch<\/li>\n<li>Konfigurierbare Gr\u00f6\u00dfen<\/li>\n<li>Standard- und OOG-Gep\u00e4ck<\/li>\n<li>Effizient und langlebig<\/li>\n<li>Edelstahl-Verkleidung<\/li>\n<\/ul>\n<\/div><\/div><\/div><\/div><div class=\"et_pb_row_5 et_pb_row et_pb_equal_columns et_pb_gutters1 et_block_row\" id=\"control-panels\"><div class=\"et_pb_column_10 et_pb_column et_pb_column_1_2 et_block_column et_pb_css_mix_blend_mode_passthrough\"><div class=\"et_pb_text_14 et_pb_text et_pb_bg_layout_light et_pb_module et_block_module\"><div class=\"et_pb_text_inner\"><h1><span style=\"color: #717275;\">Steuer- &amp; Verteilerschr\u00e4nke<\/span><\/h1>\n<\/div><\/div><\/div><div class=\"et_pb_column_11 et_pb_column et_pb_column_1_2 et-last-child et_block_column et_pb_css_mix_blend_mode_passthrough\"><div class=\"et_pb_text_15 et_pb_text et_pb_bg_layout_light et_pb_module et_block_module\"><div class=\"et_pb_text_inner\"><p>BELTCON bietet alles vo der Planung &amp; Entwurf, Konstruktion, Fertigung, Installation und Pr\u00fcfung, <br \/>Inbetriebnahme und Dienstleistungen von Steuer- &amp; Verteilerschr\u00e4nken. <br \/>Unsere langj\u00e4hrig erfahrenen Ingenieure garantieren die Zufriedenheit unserer Kunden.<\/p>\n<\/div><\/div><div class=\"et_pb_text_16 et_pb_text et_pb_bg_layout_light et_pb_module et_block_module\"><div class=\"et_pb_text_inner\"><h5>Wir bieten Dienstleistungen f\u00fcr:  <\/h5>\n<ul>\n<li>Automatisierung &amp; PLC Schalttafeln<\/li>\n<li>Motor Control Center (MCC) Schalttafeln<\/li>\n<\/ul>\n<\/div><\/div><\/div><\/div><\/div><div class=\"et_pb_section_2 et_pb_section et_section_regular et_block_section\" id=\"referenzen\"><div class=\"et_pb_row_6 et_pb_row et_block_row\"><div class=\"et_pb_column_12 et_pb_column et_pb_column_4_4 et-last-child et_block_column et_pb_css_mix_blend_mode_passthrough\"><div class=\"et_pb_text_17 et_pb_text et_pb_bg_layout_light et_pb_module et_block_module\"><div class=\"et_pb_text_inner\"><h1>Unsere Kunden, Partner und <span style=\"color: #717275;\">Projekte<\/span><\/h1>\n<\/div><\/div><\/div><\/div><div class=\"et_pb_row_7 et_pb_row et_block_row\"><div class=\"et_pb_column_13 et_pb_column et_pb_column_4_4 et-last-child et_block_column et_pb_css_mix_blend_mode_passthrough\"><div class=\"et_pb_testimonial_0 et_pb_testimonial et_pb_testimonial_no_image et_pb_bg_layout_light et_pb_text_align_center et_pb_module et_block_module\"><div class=\"et_pb_testimonial_inner\"><div class=\"et_pb_testimonial_description\"><div class=\"et_pb_testimonial_description_inner\"><div class=\"et_pb_testimonial_content\"><p>Gute Zusammenarbeit bei der Entwicklung neuer gemeinsamer Produkte. Unsere BELTCON-Ingenieure verf\u00fcgen \u00fcber umfassende Kenntnisse in den Bereichen IT, Programmierung und Steuerung.<\/p>\n<\/div><\/div><div class=\"et_pb_testimonial_author\">Volker Brandt<\/div><div class=\"et_pb_testimonial_meta\"><span class=\"et_pb_testimonial_company\">Tramak<\/span><\/div><\/div><\/div><\/div><\/div><\/div><\/div><div class=\"et_pb_section_3 et_pb_section et_section_regular et_block_section\"><div class=\"et_pb_row_8 et_pb_row et_pb_row_4col et-vb-row--no-module et_pb_equal_columns et_pb_gutters1 et_block_row et_block_row_4col\"><div class=\"et_pb_column_14 et_pb_column et_pb_column_1_4 et_block_column et_pb_column_empty et_pb_css_mix_blend_mode_passthrough\"><\/div><div class=\"et_pb_column_15 et_pb_column et_pb_column_1_4 et_block_column et_pb_column_empty et_pb_css_mix_blend_mode_passthrough\"><\/div><div class=\"et_pb_column_16 et_pb_column et_pb_column_1_4 et_block_column et_pb_column_empty et_pb_css_mix_blend_mode_passthrough\"><\/div><div class=\"et_pb_column_17 et_pb_column et_pb_column_1_4 et-last-child et_block_column et_pb_column_empty et_pb_css_mix_blend_mode_passthrough\"><\/div><\/div><\/div>\n","protected":false},"excerpt":{"rendered":"","protected":false},"author":2,"featured_media":0,"parent":0,"menu_order":0,"comment_status":"closed","ping_status":"closed","template":"","meta":{"footnotes":""},"class_list":["post-243938","page","type-page","status-publish","hentry"],"yoast_head":"<!-- This site is optimized with the Yoast SEO plugin v27.5 - https:\/\/yoast.com\/product\/yoast-seo-wordpress\/ -->\n<title>Unser Angebot - Beltcon<\/title>\n<meta name=\"robots\" content=\"index, follow, max-snippet:-1, max-image-preview:large, max-video-preview:-1\" \/>\n<link rel=\"canonical\" href=\"https:\/\/beltcon.de\/de\/unser-angebot\/\" \/>\n<meta property=\"og:locale\" content=\"de_DE\" \/>\n<meta property=\"og:type\" content=\"article\" \/>\n<meta property=\"og:title\" content=\"Unser Angebot - Beltcon\" \/>\n<meta property=\"og:url\" content=\"https:\/\/beltcon.de\/de\/unser-angebot\/\" \/>\n<meta property=\"og:site_name\" content=\"Beltcon\" \/>\n<meta property=\"article:modified_time\" content=\"2026-04-29T08:28:41+00:00\" \/>\n<meta name=\"twitter:card\" content=\"summary_large_image\" \/>\n<script type=\"application\/ld+json\" class=\"yoast-schema-graph\">{\"@context\":\"https:\\\/\\\/schema.org\",\"@graph\":[{\"@type\":\"WebPage\",\"@id\":\"https:\\\/\\\/beltcon.de\\\/de\\\/unser-angebot\\\/\",\"url\":\"https:\\\/\\\/beltcon.de\\\/de\\\/unser-angebot\\\/\",\"name\":\"Unser Angebot - Beltcon\",\"isPartOf\":{\"@id\":\"https:\\\/\\\/beltcon.de\\\/de\\\/#website\"},\"datePublished\":\"2022-01-12T12:18:32+00:00\",\"dateModified\":\"2026-04-29T08:28:41+00:00\",\"breadcrumb\":{\"@id\":\"https:\\\/\\\/beltcon.de\\\/de\\\/unser-angebot\\\/#breadcrumb\"},\"inLanguage\":\"de\",\"potentialAction\":[{\"@type\":\"ReadAction\",\"target\":[\"https:\\\/\\\/beltcon.de\\\/de\\\/unser-angebot\\\/\"]}]},{\"@type\":\"BreadcrumbList\",\"@id\":\"https:\\\/\\\/beltcon.de\\\/de\\\/unser-angebot\\\/#breadcrumb\",\"itemListElement\":[{\"@type\":\"ListItem\",\"position\":1,\"name\":\"Home\",\"item\":\"https:\\\/\\\/beltcon.de\\\/de\\\/\"},{\"@type\":\"ListItem\",\"position\":2,\"name\":\"Unser Angebot\"}]},{\"@type\":\"WebSite\",\"@id\":\"https:\\\/\\\/beltcon.de\\\/de\\\/#website\",\"url\":\"https:\\\/\\\/beltcon.de\\\/de\\\/\",\"name\":\"Beltcon\",\"description\":\"welcome to Beltcon GmbH\",\"publisher\":{\"@id\":\"https:\\\/\\\/beltcon.de\\\/de\\\/#organization\"},\"potentialAction\":[{\"@type\":\"SearchAction\",\"target\":{\"@type\":\"EntryPoint\",\"urlTemplate\":\"https:\\\/\\\/beltcon.de\\\/de\\\/?s={search_term_string}\"},\"query-input\":{\"@type\":\"PropertyValueSpecification\",\"valueRequired\":true,\"valueName\":\"search_term_string\"}}],\"inLanguage\":\"de\"},{\"@type\":\"Organization\",\"@id\":\"https:\\\/\\\/beltcon.de\\\/de\\\/#organization\",\"name\":\"Beltcon GmbH\",\"url\":\"https:\\\/\\\/beltcon.de\\\/de\\\/\",\"logo\":{\"@type\":\"ImageObject\",\"inLanguage\":\"de\",\"@id\":\"https:\\\/\\\/beltcon.de\\\/de\\\/#\\\/schema\\\/logo\\\/image\\\/\",\"url\":\"https:\\\/\\\/beltcon.de\\\/wp-content\\\/uploads\\\/2021\\\/09\\\/BELTCON-Final-Logo-01.png\",\"contentUrl\":\"https:\\\/\\\/beltcon.de\\\/wp-content\\\/uploads\\\/2021\\\/09\\\/BELTCON-Final-Logo-01.png\",\"width\":2481,\"height\":987,\"caption\":\"Beltcon GmbH\"},\"image\":{\"@id\":\"https:\\\/\\\/beltcon.de\\\/de\\\/#\\\/schema\\\/logo\\\/image\\\/\"}}]}<\/script>\n<!-- \/ Yoast SEO plugin. -->","yoast_head_json":{"title":"Unser Angebot - Beltcon","robots":{"index":"index","follow":"follow","max-snippet":"max-snippet:-1","max-image-preview":"max-image-preview:large","max-video-preview":"max-video-preview:-1"},"canonical":"https:\/\/beltcon.de\/de\/unser-angebot\/","og_locale":"de_DE","og_type":"article","og_title":"Unser Angebot - Beltcon","og_url":"https:\/\/beltcon.de\/de\/unser-angebot\/","og_site_name":"Beltcon","article_modified_time":"2026-04-29T08:28:41+00:00","twitter_card":"summary_large_image","schema":{"@context":"https:\/\/schema.org","@graph":[{"@type":"WebPage","@id":"https:\/\/beltcon.de\/de\/unser-angebot\/","url":"https:\/\/beltcon.de\/de\/unser-angebot\/","name":"Unser Angebot - Beltcon","isPartOf":{"@id":"https:\/\/beltcon.de\/de\/#website"},"datePublished":"2022-01-12T12:18:32+00:00","dateModified":"2026-04-29T08:28:41+00:00","breadcrumb":{"@id":"https:\/\/beltcon.de\/de\/unser-angebot\/#breadcrumb"},"inLanguage":"de","potentialAction":[{"@type":"ReadAction","target":["https:\/\/beltcon.de\/de\/unser-angebot\/"]}]},{"@type":"BreadcrumbList","@id":"https:\/\/beltcon.de\/de\/unser-angebot\/#breadcrumb","itemListElement":[{"@type":"ListItem","position":1,"name":"Home","item":"https:\/\/beltcon.de\/de\/"},{"@type":"ListItem","position":2,"name":"Unser Angebot"}]},{"@type":"WebSite","@id":"https:\/\/beltcon.de\/de\/#website","url":"https:\/\/beltcon.de\/de\/","name":"Beltcon","description":"welcome to Beltcon GmbH","publisher":{"@id":"https:\/\/beltcon.de\/de\/#organization"},"potentialAction":[{"@type":"SearchAction","target":{"@type":"EntryPoint","urlTemplate":"https:\/\/beltcon.de\/de\/?s={search_term_string}"},"query-input":{"@type":"PropertyValueSpecification","valueRequired":true,"valueName":"search_term_string"}}],"inLanguage":"de"},{"@type":"Organization","@id":"https:\/\/beltcon.de\/de\/#organization","name":"Beltcon GmbH","url":"https:\/\/beltcon.de\/de\/","logo":{"@type":"ImageObject","inLanguage":"de","@id":"https:\/\/beltcon.de\/de\/#\/schema\/logo\/image\/","url":"https:\/\/beltcon.de\/wp-content\/uploads\/2021\/09\/BELTCON-Final-Logo-01.png","contentUrl":"https:\/\/beltcon.de\/wp-content\/uploads\/2021\/09\/BELTCON-Final-Logo-01.png","width":2481,"height":987,"caption":"Beltcon GmbH"},"image":{"@id":"https:\/\/beltcon.de\/de\/#\/schema\/logo\/image\/"}}]}},"_links":{"self":[{"href":"https:\/\/beltcon.de\/de\/wp-json\/wp\/v2\/pages\/243938","targetHints":{"allow":["GET"]}}],"collection":[{"href":"https:\/\/beltcon.de\/de\/wp-json\/wp\/v2\/pages"}],"about":[{"href":"https:\/\/beltcon.de\/de\/wp-json\/wp\/v2\/types\/page"}],"author":[{"embeddable":true,"href":"https:\/\/beltcon.de\/de\/wp-json\/wp\/v2\/users\/2"}],"replies":[{"embeddable":true,"href":"https:\/\/beltcon.de\/de\/wp-json\/wp\/v2\/comments?post=243938"}],"version-history":[{"count":25,"href":"https:\/\/beltcon.de\/de\/wp-json\/wp\/v2\/pages\/243938\/revisions"}],"predecessor-version":[{"id":245300,"href":"https:\/\/beltcon.de\/de\/wp-json\/wp\/v2\/pages\/243938\/revisions\/245300"}],"wp:attachment":[{"href":"https:\/\/beltcon.de\/de\/wp-json\/wp\/v2\/media?parent=243938"}],"curies":[{"name":"wp","href":"https:\/\/api.w.org\/{rel}","templated":true}]}}