{"id":243941,"date":"2022-01-19T14:22:55","date_gmt":"2022-01-19T14:22:55","guid":{"rendered":"https:\/\/beltcon.de\/impressum\/"},"modified":"2025-07-31T09:26:40","modified_gmt":"2025-07-31T09:26:40","slug":"impressum","status":"publish","type":"page","link":"https:\/\/beltcon.de\/de\/impressum\/","title":{"rendered":"Impressum"},"content":{"rendered":"<p>[et_pb_section fb_built=&#8220;1&#8243; admin_label=&#8220;about&#8220; module_id=&#8220;\u00fcber&#8220; _builder_version=&#8220;4.16&#8243; _module_preset=&#8220;default&#8220; background_image=&#8220;https:\/\/beltcon.de\/wp-content\/uploads\/2022\/01\/Bildmarke1_97dde4_10_2.png&#8220; background_size=&#8220;contain&#8220; background_position=&#8220;top_right&#8220; custom_margin=&#8220;0px||0px||false|false&#8220; custom_padding=&#8220;8%||0px||false|false&#8220; global_colors_info=&#8220;{}&#8220;][et_pb_row _builder_version=&#8220;4.16&#8243; _module_preset=&#8220;default&#8220; background_enable_image=&#8220;off&#8220; z_index=&#8220;0&#8243; custom_padding=&#8220;||95px|||&#8220; sticky_limit_bottom=&#8220;section&#8220; global_colors_info=&#8220;{}&#8220;][et_pb_column type=&#8220;4_4&#8243; _builder_version=&#8220;4.16&#8243; _module_preset=&#8220;default&#8220; global_colors_info=&#8220;{}&#8220;][et_pb_text _builder_version=&#8220;4.16&#8243; _module_preset=&#8220;default&#8220; text_orientation=&#8220;center&#8220; global_colors_info=&#8220;{}&#8220;]<\/p>\n<p>\u00a0Impressum<\/p>\n<h1>Hinweis zur Website<\/h1>\n<h2>Informationen gem\u00e4ss Sect. 5 Deutsches Telemediengesetz (TMG)<\/h2>\n<p>BELTCON GmbH<br \/>Hemsener Weg 87a<br \/>29640 Schneverdingen<\/p>\n<p>Handelsregister: 208695<br \/>Registergericht: L\u00fcneburg<\/p>\n<p><strong>Vertreten durch:<\/strong><br \/>Volker Brandt<\/p>\n<h2>Kontakt<\/h2>\n<p>Telefon: 05193 8054060<br \/>Telefax: 051938054062<br \/>E-Mail: info@beltcon.de<\/p>\n<h2>UMSATZSTEUERIDENTIFIKATIONSNUMMER<\/h2>\n<p>Umsatzsteuer-Identifikationsnummer gem\u00e4\u00df \u00a7 2 Abs. 1 UStG 27 a des Umsatzsteuergesetzes:<br \/>DE329317902<\/p>\n<h2>Verantwortliche Person f\u00fcr die Redaktion<\/h2>\n<p>Volker Brandt &#8211; Hemsener Weg 87a &#8211; 29640 Schneverdingen<\/p>\n<h2>EU-Streitbeilegung<\/h2>\n<p>Die Europ\u00e4ische Kommission stellt eine Plattform f\u00fcr die Online-Streitbeilegung (ODR) zur Verf\u00fcgung: <a href=\"https:\/\/ec.europa.eu\/consumers\/odr\/\" target=\"_blank\" rel=\"noopener noreferrer\">https:\/\/ec.europa.eu\/consumers\/odr\/.<\/a><br \/>Unsere E-Mail-Adresse finden Sie oben im Impressum der Website.<\/p>\n<h2>Streitbeilegungsverfahren vor einer Verbraucherschlichtungsstelle<\/h2>\n<p>Wir sind nicht bereit oder verpflichtet, an einem Streitbeilegungsverfahren vor einer Verbraucherschlichtungsstelle teilzunehmen.<\/p>\n<p>[\/et_pb_text][\/et_pb_column][\/et_pb_row][\/et_pb_section]<\/p>\n","protected":false},"excerpt":{"rendered":"<p>\u00a0Impressum Hinweis zur Website Informationen gem\u00e4ss Sect. 5 Deutsches Telemediengesetz (TMG) BELTCON GmbHHemsener Weg 87a29640 Schneverdingen Handelsregister: 208695Registergericht: L\u00fcneburg Vertreten durch:Volker Brandt Kontakt Telefon: 05193 8054060Telefax: 051938054062E-Mail: info@beltcon.de UMSATZSTEUERIDENTIFIKATIONSNUMMER Umsatzsteuer-Identifikationsnummer gem\u00e4\u00df \u00a7 2 Abs. 1 UStG 27 a des Umsatzsteuergesetzes:DE329317902 Verantwortliche Person f\u00fcr die Redaktion Volker Brandt &#8211; Hemsener Weg 87a &#8211; 29640 Schneverdingen EU-Streitbeilegung [&hellip;]<\/p>\n","protected":false},"author":1,"featured_media":0,"parent":0,"menu_order":0,"comment_status":"closed","ping_status":"closed","template":"","meta":{"_et_pb_use_builder":"on","_et_pb_old_content":"","_et_gb_content_width":"","footnotes":""},"class_list":["post-243941","page","type-page","status-publish","hentry"],"yoast_head":"<!-- This site is optimized with the Yoast SEO plugin v27.4 - https:\/\/yoast.com\/product\/yoast-seo-wordpress\/ -->\n<title>Impressum - Beltcon<\/title>\n<meta name=\"robots\" content=\"index, follow, max-snippet:-1, max-image-preview:large, max-video-preview:-1\" \/>\n<link rel=\"canonical\" href=\"https:\/\/beltcon.de\/imprint\/\" \/>\n<meta property=\"og:locale\" content=\"de_DE\" \/>\n<meta property=\"og:type\" content=\"article\" \/>\n<meta property=\"og:title\" content=\"Impressum - Beltcon\" \/>\n<meta property=\"og:description\" content=\"\u00a0Impressum Hinweis zur Website Informationen gem\u00e4ss Sect. 5 Deutsches Telemediengesetz (TMG) BELTCON GmbHHemsener Weg 87a29640 Schneverdingen Handelsregister: 208695Registergericht: L\u00fcneburg Vertreten durch:Volker Brandt Kontakt Telefon: 05193 8054060Telefax: 051938054062E-Mail: info@beltcon.de UMSATZSTEUERIDENTIFIKATIONSNUMMER Umsatzsteuer-Identifikationsnummer gem\u00e4\u00df \u00a7 2 Abs. 1 UStG 27 a des Umsatzsteuergesetzes:DE329317902 Verantwortliche Person f\u00fcr die Redaktion Volker Brandt - Hemsener Weg 87a - 29640 Schneverdingen EU-Streitbeilegung [&hellip;]\" \/>\n<meta property=\"og:url\" content=\"https:\/\/beltcon.de\/imprint\/\" \/>\n<meta property=\"og:site_name\" content=\"Beltcon\" \/>\n<meta property=\"article:modified_time\" content=\"2025-07-31T09:26:40+00:00\" \/>\n<meta name=\"twitter:card\" content=\"summary_large_image\" \/>\n<meta name=\"twitter:label1\" content=\"Gesch\u00e4tzte Lesezeit\" \/>\n\t<meta name=\"twitter:data1\" content=\"1\u00a0Minute\" \/>\n<script type=\"application\/ld+json\" class=\"yoast-schema-graph\">{\"@context\":\"https:\\\/\\\/schema.org\",\"@graph\":[{\"@type\":\"WebPage\",\"@id\":\"https:\\\/\\\/beltcon.de\\\/imprint\\\/\",\"url\":\"https:\\\/\\\/beltcon.de\\\/imprint\\\/\",\"name\":\"Impressum - Beltcon\",\"isPartOf\":{\"@id\":\"https:\\\/\\\/beltcon.de\\\/#website\"},\"datePublished\":\"2022-01-19T14:22:55+00:00\",\"dateModified\":\"2025-07-31T09:26:40+00:00\",\"breadcrumb\":{\"@id\":\"https:\\\/\\\/beltcon.de\\\/imprint\\\/#breadcrumb\"},\"inLanguage\":\"de\",\"potentialAction\":[{\"@type\":\"ReadAction\",\"target\":[\"https:\\\/\\\/beltcon.de\\\/imprint\\\/\"]}]},{\"@type\":\"BreadcrumbList\",\"@id\":\"https:\\\/\\\/beltcon.de\\\/imprint\\\/#breadcrumb\",\"itemListElement\":[{\"@type\":\"ListItem\",\"position\":1,\"name\":\"Home\",\"item\":\"https:\\\/\\\/beltcon.de\\\/de\\\/\"},{\"@type\":\"ListItem\",\"position\":2,\"name\":\"Impressum\"}]},{\"@type\":\"WebSite\",\"@id\":\"https:\\\/\\\/beltcon.de\\\/#website\",\"url\":\"https:\\\/\\\/beltcon.de\\\/\",\"name\":\"Beltcon\",\"description\":\"welcome to Beltcon GmbH\",\"publisher\":{\"@id\":\"https:\\\/\\\/beltcon.de\\\/#organization\"},\"potentialAction\":[{\"@type\":\"SearchAction\",\"target\":{\"@type\":\"EntryPoint\",\"urlTemplate\":\"https:\\\/\\\/beltcon.de\\\/?s={search_term_string}\"},\"query-input\":{\"@type\":\"PropertyValueSpecification\",\"valueRequired\":true,\"valueName\":\"search_term_string\"}}],\"inLanguage\":\"de\"},{\"@type\":\"Organization\",\"@id\":\"https:\\\/\\\/beltcon.de\\\/#organization\",\"name\":\"Beltcon GmbH\",\"url\":\"https:\\\/\\\/beltcon.de\\\/\",\"logo\":{\"@type\":\"ImageObject\",\"inLanguage\":\"de\",\"@id\":\"https:\\\/\\\/beltcon.de\\\/#\\\/schema\\\/logo\\\/image\\\/\",\"url\":\"https:\\\/\\\/beltcon.de\\\/wp-content\\\/uploads\\\/2021\\\/09\\\/BELTCON-Final-Logo-01.png\",\"contentUrl\":\"https:\\\/\\\/beltcon.de\\\/wp-content\\\/uploads\\\/2021\\\/09\\\/BELTCON-Final-Logo-01.png\",\"width\":2481,\"height\":987,\"caption\":\"Beltcon GmbH\"},\"image\":{\"@id\":\"https:\\\/\\\/beltcon.de\\\/#\\\/schema\\\/logo\\\/image\\\/\"}}]}<\/script>\n<!-- \/ Yoast SEO plugin. -->","yoast_head_json":{"title":"Impressum - Beltcon","robots":{"index":"index","follow":"follow","max-snippet":"max-snippet:-1","max-image-preview":"max-image-preview:large","max-video-preview":"max-video-preview:-1"},"canonical":"https:\/\/beltcon.de\/imprint\/","og_locale":"de_DE","og_type":"article","og_title":"Impressum - Beltcon","og_description":"\u00a0Impressum Hinweis zur Website Informationen gem\u00e4ss Sect. 5 Deutsches Telemediengesetz (TMG) BELTCON GmbHHemsener Weg 87a29640 Schneverdingen Handelsregister: 208695Registergericht: L\u00fcneburg Vertreten durch:Volker Brandt Kontakt Telefon: 05193 8054060Telefax: 051938054062E-Mail: info@beltcon.de UMSATZSTEUERIDENTIFIKATIONSNUMMER Umsatzsteuer-Identifikationsnummer gem\u00e4\u00df \u00a7 2 Abs. 1 UStG 27 a des Umsatzsteuergesetzes:DE329317902 Verantwortliche Person f\u00fcr die Redaktion Volker Brandt - Hemsener Weg 87a - 29640 Schneverdingen EU-Streitbeilegung [&hellip;]","og_url":"https:\/\/beltcon.de\/imprint\/","og_site_name":"Beltcon","article_modified_time":"2025-07-31T09:26:40+00:00","twitter_card":"summary_large_image","twitter_misc":{"Gesch\u00e4tzte Lesezeit":"1\u00a0Minute"},"schema":{"@context":"https:\/\/schema.org","@graph":[{"@type":"WebPage","@id":"https:\/\/beltcon.de\/imprint\/","url":"https:\/\/beltcon.de\/imprint\/","name":"Impressum - Beltcon","isPartOf":{"@id":"https:\/\/beltcon.de\/#website"},"datePublished":"2022-01-19T14:22:55+00:00","dateModified":"2025-07-31T09:26:40+00:00","breadcrumb":{"@id":"https:\/\/beltcon.de\/imprint\/#breadcrumb"},"inLanguage":"de","potentialAction":[{"@type":"ReadAction","target":["https:\/\/beltcon.de\/imprint\/"]}]},{"@type":"BreadcrumbList","@id":"https:\/\/beltcon.de\/imprint\/#breadcrumb","itemListElement":[{"@type":"ListItem","position":1,"name":"Home","item":"https:\/\/beltcon.de\/de\/"},{"@type":"ListItem","position":2,"name":"Impressum"}]},{"@type":"WebSite","@id":"https:\/\/beltcon.de\/#website","url":"https:\/\/beltcon.de\/","name":"Beltcon","description":"welcome to Beltcon GmbH","publisher":{"@id":"https:\/\/beltcon.de\/#organization"},"potentialAction":[{"@type":"SearchAction","target":{"@type":"EntryPoint","urlTemplate":"https:\/\/beltcon.de\/?s={search_term_string}"},"query-input":{"@type":"PropertyValueSpecification","valueRequired":true,"valueName":"search_term_string"}}],"inLanguage":"de"},{"@type":"Organization","@id":"https:\/\/beltcon.de\/#organization","name":"Beltcon GmbH","url":"https:\/\/beltcon.de\/","logo":{"@type":"ImageObject","inLanguage":"de","@id":"https:\/\/beltcon.de\/#\/schema\/logo\/image\/","url":"https:\/\/beltcon.de\/wp-content\/uploads\/2021\/09\/BELTCON-Final-Logo-01.png","contentUrl":"https:\/\/beltcon.de\/wp-content\/uploads\/2021\/09\/BELTCON-Final-Logo-01.png","width":2481,"height":987,"caption":"Beltcon GmbH"},"image":{"@id":"https:\/\/beltcon.de\/#\/schema\/logo\/image\/"}}]}},"_links":{"self":[{"href":"https:\/\/beltcon.de\/de\/wp-json\/wp\/v2\/pages\/243941","targetHints":{"allow":["GET"]}}],"collection":[{"href":"https:\/\/beltcon.de\/de\/wp-json\/wp\/v2\/pages"}],"about":[{"href":"https:\/\/beltcon.de\/de\/wp-json\/wp\/v2\/types\/page"}],"author":[{"embeddable":true,"href":"https:\/\/beltcon.de\/de\/wp-json\/wp\/v2\/users\/1"}],"replies":[{"embeddable":true,"href":"https:\/\/beltcon.de\/de\/wp-json\/wp\/v2\/comments?post=243941"}],"version-history":[{"count":6,"href":"https:\/\/beltcon.de\/de\/wp-json\/wp\/v2\/pages\/243941\/revisions"}],"predecessor-version":[{"id":244990,"href":"https:\/\/beltcon.de\/de\/wp-json\/wp\/v2\/pages\/243941\/revisions\/244990"}],"wp:attachment":[{"href":"https:\/\/beltcon.de\/de\/wp-json\/wp\/v2\/media?parent=243941"}],"curies":[{"name":"wp","href":"https:\/\/api.w.org\/{rel}","templated":true}]}}