{"id":244339,"date":"2024-10-31T13:32:16","date_gmt":"2024-10-31T13:32:16","guid":{"rendered":"https:\/\/beltcon.de\/referenzen\/"},"modified":"2025-04-11T13:48:34","modified_gmt":"2025-04-11T13:48:34","slug":"referenzen","status":"publish","type":"page","link":"https:\/\/beltcon.de\/de\/referenzen\/","title":{"rendered":"Referenzen"},"content":{"rendered":"<p>[et_pb_section fb_built=&#8220;1&#8243; admin_label=&#8220;about&#8220; module_id=&#8220;ueberuns&#8220; _builder_version=&#8220;4.16&#8243; _module_preset=&#8220;default&#8220; background_image=&#8220;https:\/\/beltcon.de\/wp-content\/uploads\/2022\/01\/Bildmarke1_97dde4_10_2.png&#8220; background_size=&#8220;contain&#8220; background_position=&#8220;top_right&#8220; custom_margin=&#8220;0px||0px||false|false&#8220; custom_padding=&#8220;8%||0px||false|false&#8220; global_colors_info=&#8220;{}&#8220;][et_pb_row _builder_version=&#8220;4.16&#8243; _module_preset=&#8220;default&#8220; background_enable_image=&#8220;off&#8220; z_index=&#8220;0&#8243; custom_padding=&#8220;||95px|||&#8220; sticky_limit_bottom=&#8220;section&#8220; global_colors_info=&#8220;{}&#8220;][et_pb_column type=&#8220;4_4&#8243; _builder_version=&#8220;4.16&#8243; _module_preset=&#8220;default&#8220; global_colors_info=&#8220;{}&#8220;][et_pb_text _builder_version=&#8220;4.27.4&#8243; _module_preset=&#8220;default&#8220; header_3_text_color=&#8220;#21B7C8&#8243; text_orientation=&#8220;center&#8220; hover_enabled=&#8220;0&#8243; global_colors_info=&#8220;{}&#8220; sticky_enabled=&#8220;0&#8243;]<\/p>\n<h1>Projekt Referenzen<\/h1>\n<h4><\/h4>\n<h4>Amerika<\/h4>\n<h3 style=\"font-weight: 400;\">Flughafen S\u00e3o Paulo, Brasilien:<\/h3>\n<p style=\"font-weight: 400;\">Lieferung eines Gep\u00e4ckausgabekarussells<\/p>\n<h4>Europa<\/h4>\n<h3 style=\"font-weight: 400;\">Flughafen Hamburg, Deutschland:<\/h3>\n<p style=\"font-weight: 400;\">Ersatzteillieferung f\u00fcr Gep\u00e4ckf\u00f6rdersysteme<\/p>\n<h3 style=\"font-weight: 400;\">Flughafen D\u00fcsseldorf, Deutschland:<\/h3>\n<p style=\"font-weight: 400;\">Ersatzteillieferung f\u00fcr Gep\u00e4ckf\u00f6rdersysteme<\/p>\n<h3 style=\"font-weight: 400;\">Flughafen Paris Charles de Gaulle, Frankreich:<\/h3>\n<p style=\"font-weight: 400;\">Ersatzteillieferung f\u00fcr Gep\u00e4ckf\u00f6rdersysteme<\/p>\n<h3 style=\"font-weight: 400;\">Flughafen Sofia, Bulgarien:<\/h3>\n<p style=\"font-weight: 400;\">Laufendes Projekt<\/p>\n<h4>Naher Osten<\/h4>\n<h3>SAUDI ARAMCO Terminal, Dammam:<\/h3>\n<p>Lieferung, Installation, Pr\u00fcfung und Inbetriebnahme eines kompletten Gep\u00e4ckabfertigungssystems<\/p>\n<h3>RedSea ATT Terminal Inc:<\/h3>\n<p>Lieferung, Installation, Test und Inbetriebnahme von BHS. R\u00fcckgabekarussell im Ankunftsterminal.<\/p>\n<h3>Internationaler Flughafen Gassim:<\/h3>\n<p>Lieferung, Installation, Pr\u00fcfung und Inbetriebnahme von BHS, einschlie\u00dflich 2 L-f\u00f6rmiger R\u00fccknahmekarussells.<\/p>\n<h3>NEOM Flughafen Terminal-B:<\/h3>\n<p>Lieferung, Installation, Pr\u00fcfung und Inbetriebnahme von BHS. Einschlie\u00dflich LS-Shape Carousel bei MAKE-Up und O-Shape Carousel bei Arrivals.<\/p>\n<h3>Internationaler Flughafen Al-Ahsa:<\/h3>\n<p>Lieferung, Installation, Pr\u00fcfung und Inbetriebnahme von BHS. Einschlie\u00dflich UShape-Karussell bei den Ank\u00fcnften.<\/p>\n<h3>Neuer internationaler Flughafen Taif:<\/h3>\n<p>Lieferung, Installation, Pr\u00fcfung und Inbetriebnahme von BHS. Einschlie\u00dflich O-f\u00f6rmiges Karussell bei der Ankunft.<\/p>\n<h3>Neuer internationaler Flughafen King Abdul Aziz T-1:<\/h3>\n<p>Lieferung Installation, Pr\u00fcfung und Inbetriebnahme des BHS-Systems am Executives Terminal.<\/p>\n<h3>Abha Flughafen nach Al Qaisumah Flughafen unter DACO:<\/h3>\n<p>Komplettes Ankunfts-BHS vom Flughafen Abha zum Flughafen Al Qaisumah unter DACO (Dammam Airport Company), einschlie\u00dflich O-f\u00f6rmigem Karussell, geraden F\u00f6rderb\u00e4ndern und Neuprogrammierung des Kontrollsystems.<\/p>\n<p>&nbsp;<\/p>\n<p>[\/et_pb_text][\/et_pb_column][\/et_pb_row][\/et_pb_section]<\/p>\n","protected":false},"excerpt":{"rendered":"<p>Projekt Referenzen Amerika Flughafen S\u00e3o Paulo, Brasilien: Lieferung eines Gep\u00e4ckausgabekarussells Europa Flughafen Hamburg, Deutschland: Ersatzteillieferung f\u00fcr Gep\u00e4ckf\u00f6rdersysteme Flughafen D\u00fcsseldorf, Deutschland: Ersatzteillieferung f\u00fcr Gep\u00e4ckf\u00f6rdersysteme Flughafen Paris Charles de Gaulle, Frankreich: Ersatzteillieferung f\u00fcr Gep\u00e4ckf\u00f6rdersysteme Flughafen Sofia, Bulgarien: Laufendes Projekt Naher Osten SAUDI ARAMCO Terminal, Dammam: Lieferung, Installation, Pr\u00fcfung und Inbetriebnahme eines kompletten Gep\u00e4ckabfertigungssystems RedSea ATT Terminal Inc: [&hellip;]<\/p>\n","protected":false},"author":2,"featured_media":0,"parent":0,"menu_order":0,"comment_status":"closed","ping_status":"closed","template":"","meta":{"_et_pb_use_builder":"on","_et_pb_old_content":"","_et_gb_content_width":"","footnotes":""},"class_list":["post-244339","page","type-page","status-publish","hentry"],"yoast_head":"<!-- This site is optimized with the Yoast SEO plugin v27.4 - https:\/\/yoast.com\/product\/yoast-seo-wordpress\/ -->\n<title>Referenzen - Beltcon<\/title>\n<meta name=\"robots\" content=\"index, follow, max-snippet:-1, max-image-preview:large, max-video-preview:-1\" \/>\n<link rel=\"canonical\" href=\"https:\/\/beltcon.de\/references\/\" \/>\n<meta property=\"og:locale\" content=\"de_DE\" \/>\n<meta property=\"og:type\" content=\"article\" \/>\n<meta property=\"og:title\" content=\"Referenzen - Beltcon\" \/>\n<meta property=\"og:description\" content=\"Projekt Referenzen Amerika Flughafen S\u00e3o Paulo, Brasilien: Lieferung eines Gep\u00e4ckausgabekarussells Europa Flughafen Hamburg, Deutschland: Ersatzteillieferung f\u00fcr Gep\u00e4ckf\u00f6rdersysteme Flughafen D\u00fcsseldorf, Deutschland: Ersatzteillieferung f\u00fcr Gep\u00e4ckf\u00f6rdersysteme Flughafen Paris Charles de Gaulle, Frankreich: Ersatzteillieferung f\u00fcr Gep\u00e4ckf\u00f6rdersysteme Flughafen Sofia, Bulgarien: Laufendes Projekt Naher Osten SAUDI ARAMCO Terminal, Dammam: Lieferung, Installation, Pr\u00fcfung und Inbetriebnahme eines kompletten Gep\u00e4ckabfertigungssystems RedSea ATT Terminal Inc: [&hellip;]\" \/>\n<meta property=\"og:url\" content=\"https:\/\/beltcon.de\/references\/\" \/>\n<meta property=\"og:site_name\" content=\"Beltcon\" \/>\n<meta property=\"article:modified_time\" content=\"2025-04-11T13:48:34+00:00\" \/>\n<meta name=\"twitter:card\" content=\"summary_large_image\" \/>\n<meta name=\"twitter:label1\" content=\"Gesch\u00e4tzte Lesezeit\" \/>\n\t<meta name=\"twitter:data1\" content=\"2\u00a0Minuten\" \/>\n<script type=\"application\/ld+json\" class=\"yoast-schema-graph\">{\"@context\":\"https:\\\/\\\/schema.org\",\"@graph\":[{\"@type\":\"WebPage\",\"@id\":\"https:\\\/\\\/beltcon.de\\\/references\\\/\",\"url\":\"https:\\\/\\\/beltcon.de\\\/references\\\/\",\"name\":\"Referenzen - Beltcon\",\"isPartOf\":{\"@id\":\"https:\\\/\\\/beltcon.de\\\/#website\"},\"datePublished\":\"2024-10-31T13:32:16+00:00\",\"dateModified\":\"2025-04-11T13:48:34+00:00\",\"breadcrumb\":{\"@id\":\"https:\\\/\\\/beltcon.de\\\/references\\\/#breadcrumb\"},\"inLanguage\":\"de\",\"potentialAction\":[{\"@type\":\"ReadAction\",\"target\":[\"https:\\\/\\\/beltcon.de\\\/references\\\/\"]}]},{\"@type\":\"BreadcrumbList\",\"@id\":\"https:\\\/\\\/beltcon.de\\\/references\\\/#breadcrumb\",\"itemListElement\":[{\"@type\":\"ListItem\",\"position\":1,\"name\":\"Home\",\"item\":\"https:\\\/\\\/beltcon.de\\\/de\\\/\"},{\"@type\":\"ListItem\",\"position\":2,\"name\":\"Referenzen\"}]},{\"@type\":\"WebSite\",\"@id\":\"https:\\\/\\\/beltcon.de\\\/#website\",\"url\":\"https:\\\/\\\/beltcon.de\\\/\",\"name\":\"Beltcon\",\"description\":\"welcome to Beltcon GmbH\",\"publisher\":{\"@id\":\"https:\\\/\\\/beltcon.de\\\/#organization\"},\"potentialAction\":[{\"@type\":\"SearchAction\",\"target\":{\"@type\":\"EntryPoint\",\"urlTemplate\":\"https:\\\/\\\/beltcon.de\\\/?s={search_term_string}\"},\"query-input\":{\"@type\":\"PropertyValueSpecification\",\"valueRequired\":true,\"valueName\":\"search_term_string\"}}],\"inLanguage\":\"de\"},{\"@type\":\"Organization\",\"@id\":\"https:\\\/\\\/beltcon.de\\\/#organization\",\"name\":\"Beltcon GmbH\",\"url\":\"https:\\\/\\\/beltcon.de\\\/\",\"logo\":{\"@type\":\"ImageObject\",\"inLanguage\":\"de\",\"@id\":\"https:\\\/\\\/beltcon.de\\\/#\\\/schema\\\/logo\\\/image\\\/\",\"url\":\"https:\\\/\\\/beltcon.de\\\/wp-content\\\/uploads\\\/2021\\\/09\\\/BELTCON-Final-Logo-01.png\",\"contentUrl\":\"https:\\\/\\\/beltcon.de\\\/wp-content\\\/uploads\\\/2021\\\/09\\\/BELTCON-Final-Logo-01.png\",\"width\":2481,\"height\":987,\"caption\":\"Beltcon GmbH\"},\"image\":{\"@id\":\"https:\\\/\\\/beltcon.de\\\/#\\\/schema\\\/logo\\\/image\\\/\"}}]}<\/script>\n<!-- \/ Yoast SEO plugin. -->","yoast_head_json":{"title":"Referenzen - Beltcon","robots":{"index":"index","follow":"follow","max-snippet":"max-snippet:-1","max-image-preview":"max-image-preview:large","max-video-preview":"max-video-preview:-1"},"canonical":"https:\/\/beltcon.de\/references\/","og_locale":"de_DE","og_type":"article","og_title":"Referenzen - Beltcon","og_description":"Projekt Referenzen Amerika Flughafen S\u00e3o Paulo, Brasilien: Lieferung eines Gep\u00e4ckausgabekarussells Europa Flughafen Hamburg, Deutschland: Ersatzteillieferung f\u00fcr Gep\u00e4ckf\u00f6rdersysteme Flughafen D\u00fcsseldorf, Deutschland: Ersatzteillieferung f\u00fcr Gep\u00e4ckf\u00f6rdersysteme Flughafen Paris Charles de Gaulle, Frankreich: Ersatzteillieferung f\u00fcr Gep\u00e4ckf\u00f6rdersysteme Flughafen Sofia, Bulgarien: Laufendes Projekt Naher Osten SAUDI ARAMCO Terminal, Dammam: Lieferung, Installation, Pr\u00fcfung und Inbetriebnahme eines kompletten Gep\u00e4ckabfertigungssystems RedSea ATT Terminal Inc: [&hellip;]","og_url":"https:\/\/beltcon.de\/references\/","og_site_name":"Beltcon","article_modified_time":"2025-04-11T13:48:34+00:00","twitter_card":"summary_large_image","twitter_misc":{"Gesch\u00e4tzte Lesezeit":"2\u00a0Minuten"},"schema":{"@context":"https:\/\/schema.org","@graph":[{"@type":"WebPage","@id":"https:\/\/beltcon.de\/references\/","url":"https:\/\/beltcon.de\/references\/","name":"Referenzen - Beltcon","isPartOf":{"@id":"https:\/\/beltcon.de\/#website"},"datePublished":"2024-10-31T13:32:16+00:00","dateModified":"2025-04-11T13:48:34+00:00","breadcrumb":{"@id":"https:\/\/beltcon.de\/references\/#breadcrumb"},"inLanguage":"de","potentialAction":[{"@type":"ReadAction","target":["https:\/\/beltcon.de\/references\/"]}]},{"@type":"BreadcrumbList","@id":"https:\/\/beltcon.de\/references\/#breadcrumb","itemListElement":[{"@type":"ListItem","position":1,"name":"Home","item":"https:\/\/beltcon.de\/de\/"},{"@type":"ListItem","position":2,"name":"Referenzen"}]},{"@type":"WebSite","@id":"https:\/\/beltcon.de\/#website","url":"https:\/\/beltcon.de\/","name":"Beltcon","description":"welcome to Beltcon GmbH","publisher":{"@id":"https:\/\/beltcon.de\/#organization"},"potentialAction":[{"@type":"SearchAction","target":{"@type":"EntryPoint","urlTemplate":"https:\/\/beltcon.de\/?s={search_term_string}"},"query-input":{"@type":"PropertyValueSpecification","valueRequired":true,"valueName":"search_term_string"}}],"inLanguage":"de"},{"@type":"Organization","@id":"https:\/\/beltcon.de\/#organization","name":"Beltcon GmbH","url":"https:\/\/beltcon.de\/","logo":{"@type":"ImageObject","inLanguage":"de","@id":"https:\/\/beltcon.de\/#\/schema\/logo\/image\/","url":"https:\/\/beltcon.de\/wp-content\/uploads\/2021\/09\/BELTCON-Final-Logo-01.png","contentUrl":"https:\/\/beltcon.de\/wp-content\/uploads\/2021\/09\/BELTCON-Final-Logo-01.png","width":2481,"height":987,"caption":"Beltcon GmbH"},"image":{"@id":"https:\/\/beltcon.de\/#\/schema\/logo\/image\/"}}]}},"_links":{"self":[{"href":"https:\/\/beltcon.de\/de\/wp-json\/wp\/v2\/pages\/244339","targetHints":{"allow":["GET"]}}],"collection":[{"href":"https:\/\/beltcon.de\/de\/wp-json\/wp\/v2\/pages"}],"about":[{"href":"https:\/\/beltcon.de\/de\/wp-json\/wp\/v2\/types\/page"}],"author":[{"embeddable":true,"href":"https:\/\/beltcon.de\/de\/wp-json\/wp\/v2\/users\/2"}],"replies":[{"embeddable":true,"href":"https:\/\/beltcon.de\/de\/wp-json\/wp\/v2\/comments?post=244339"}],"version-history":[{"count":4,"href":"https:\/\/beltcon.de\/de\/wp-json\/wp\/v2\/pages\/244339\/revisions"}],"predecessor-version":[{"id":244704,"href":"https:\/\/beltcon.de\/de\/wp-json\/wp\/v2\/pages\/244339\/revisions\/244704"}],"wp:attachment":[{"href":"https:\/\/beltcon.de\/de\/wp-json\/wp\/v2\/media?parent=244339"}],"curies":[{"name":"wp","href":"https:\/\/api.w.org\/{rel}","templated":true}]}}